{"id":13867,"date":"2024-09-20T11:47:57","date_gmt":"2024-09-20T08:47:57","guid":{"rendered":"https:\/\/olkar.com.tr\/?post_type=product&#038;p=13867"},"modified":"2024-09-20T12:27:43","modified_gmt":"2024-09-20T09:27:43","slug":"oluklu-mukavva-tipleri","status":"publish","type":"product","link":"https:\/\/olkar.com.tr\/index.php\/product\/oluklu-mukavva-tipleri\/","title":{"rendered":"Oluklu Mukavva Tipleri"},"content":{"rendered":"<table>\n<tr>\n<th>Dalga Cinsi <\/th>\n<th> Profil <\/th>\n<th> Dalga Y\u00fcksekli\u011fi (mm)<\/th>\n<th> Dalga Boyu (mm) <\/th>\n<\/tr>\n<tr>\n<td> B <\/td>\n<td> <img loading=\"lazy\" decoding=\"async\" data-attachment-id=\"13868\" data-permalink=\"https:\/\/olkar.com.tr\/?attachment_id=13868\" data-orig-file=\"https:\/\/olkar.com.tr\/wp-content\/uploads\/2024\/09\/b.jpg\" data-orig-size=\"216,13\" data-comments-opened=\"1\" data-image-meta=\"{&quot;aperture&quot;:&quot;0&quot;,&quot;credit&quot;:&quot;&quot;,&quot;camera&quot;:&quot;&quot;,&quot;caption&quot;:&quot;&quot;,&quot;created_timestamp&quot;:&quot;0&quot;,&quot;copyright&quot;:&quot;&quot;,&quot;focal_length&quot;:&quot;0&quot;,&quot;iso&quot;:&quot;0&quot;,&quot;shutter_speed&quot;:&quot;0&quot;,&quot;title&quot;:&quot;Web&quot;,&quot;orientation&quot;:&quot;1&quot;}\" data-image-title=\"Web\" data-image-description=\"\" data-image-caption=\"\" data-medium-file=\"https:\/\/olkar.com.tr\/wp-content\/uploads\/2024\/09\/b.jpg\" data-large-file=\"https:\/\/olkar.com.tr\/wp-content\/uploads\/2024\/09\/b.jpg\" src=\"https:\/\/olkar.com.tr\/wp-content\/uploads\/2024\/09\/b.jpg\" alt=\"\" width=\"216\" height=\"13\" class=\"alignnone size-full wp-image-13868\" srcset=\"https:\/\/olkar.com.tr\/wp-content\/uploads\/2024\/09\/b.jpg 216w, https:\/\/olkar.com.tr\/wp-content\/uploads\/2024\/09\/b-180x11.jpg 180w\" sizes=\"auto, (max-width: 216px) 100vw, 216px\" \/> <\/td>\n<td> 2,2 &#8211; 3,0 <\/td>\n<td> 5,5 &#8211; 8,5 <\/td>\n<\/tr>\n<\/table>\n<p>Duvar kal\u0131nl\u0131\u011f\u0131n\u0131n az olmas\u0131 nedeniyle d\u00fc\u015feydeki y\u00fckleri ta\u015f\u0131madaki dayan\u0131ks\u0131zl\u0131\u011f\u0131na kar\u015f\u0131n, dalgalar\u0131n daha s\u0131k olmas\u0131 nedeniyle y\u00fczey ezilmeye olduk\u00e7a dayan\u0131kl\u0131d\u0131r. Yine bu niteli\u011fine ba\u011fl\u0131 olarak bask\u0131da olduk\u00e7a iyi sonu\u00e7 verir. Kullan\u0131m\u0131 en yayg\u0131n olan cinstir.<\/p>\n<table>\n<tr>\n<th>Dalga Cinsi <\/th>\n<th> Profil <\/th>\n<th> Dalga Y\u00fcksekli\u011fi (mm)<\/th>\n<th> Dalga Boyu (mm) <\/th>\n<\/tr>\n<tr>\n<td> C <\/td>\n<td> <img loading=\"lazy\" decoding=\"async\" data-attachment-id=\"13873\" data-permalink=\"https:\/\/olkar.com.tr\/?attachment_id=13873\" data-orig-file=\"https:\/\/olkar.com.tr\/wp-content\/uploads\/2024\/09\/c.png\" data-orig-size=\"216,21\" data-comments-opened=\"1\" data-image-meta=\"{&quot;aperture&quot;:&quot;0&quot;,&quot;credit&quot;:&quot;&quot;,&quot;camera&quot;:&quot;&quot;,&quot;caption&quot;:&quot;&quot;,&quot;created_timestamp&quot;:&quot;0&quot;,&quot;copyright&quot;:&quot;&quot;,&quot;focal_length&quot;:&quot;0&quot;,&quot;iso&quot;:&quot;0&quot;,&quot;shutter_speed&quot;:&quot;0&quot;,&quot;title&quot;:&quot;&quot;,&quot;orientation&quot;:&quot;0&quot;}\" data-image-title=\"c\" data-image-description=\"\" data-image-caption=\"\" data-medium-file=\"https:\/\/olkar.com.tr\/wp-content\/uploads\/2024\/09\/c.png\" data-large-file=\"https:\/\/olkar.com.tr\/wp-content\/uploads\/2024\/09\/c.png\" src=\"https:\/\/olkar.com.tr\/wp-content\/uploads\/2024\/09\/c.png\" alt=\"\" width=\"216\" height=\"21\" class=\"alignnone size-full wp-image-13873\" srcset=\"https:\/\/olkar.com.tr\/wp-content\/uploads\/2024\/09\/c.png 216w, https:\/\/olkar.com.tr\/wp-content\/uploads\/2024\/09\/c-180x18.png 180w\" sizes=\"auto, (max-width: 216px) 100vw, 216px\" \/> <\/td>\n<td> 3,2 &#8211; 4,0 <\/td>\n<td> 6,8 &#8211; 8,0 <\/td>\n<\/tr>\n<\/table>\n<p>B dalgadan sonra ortaya \u00e7\u0131kan, bu dalga cinsi, iyi ta\u015f\u0131y\u0131c\u0131d\u0131r ve bask\u0131da iyi sonu\u00e7 verir. Uzun s\u00fcre B dalgaya kar\u015f\u0131 m\u00fccadele vermi\u015f olmas\u0131na ra\u011fmen, kullan\u0131m\u0131 b\u00fct\u00fcn d\u00fcnyada oldu\u011fu gibi \u00fclkemizde de artmaktad\u0131r.<\/p>\n<table>\n<tr>\n<th>Dalga Cinsi <\/th>\n<th> Profil <\/th>\n<th> Dalga Y\u00fcksekli\u011fi (mm)<\/th>\n<th> Dalga Boyu (mm) <\/th>\n<\/tr>\n<tr>\n<td> E <\/td>\n<td> <img loading=\"lazy\" decoding=\"async\" data-attachment-id=\"13870\" data-permalink=\"https:\/\/olkar.com.tr\/?attachment_id=13870\" data-orig-file=\"https:\/\/olkar.com.tr\/wp-content\/uploads\/2024\/09\/e.png\" data-orig-size=\"216,11\" data-comments-opened=\"1\" data-image-meta=\"{&quot;aperture&quot;:&quot;0&quot;,&quot;credit&quot;:&quot;&quot;,&quot;camera&quot;:&quot;&quot;,&quot;caption&quot;:&quot;&quot;,&quot;created_timestamp&quot;:&quot;0&quot;,&quot;copyright&quot;:&quot;&quot;,&quot;focal_length&quot;:&quot;0&quot;,&quot;iso&quot;:&quot;0&quot;,&quot;shutter_speed&quot;:&quot;0&quot;,&quot;title&quot;:&quot;&quot;,&quot;orientation&quot;:&quot;0&quot;}\" data-image-title=\"e\" data-image-description=\"\" data-image-caption=\"\" data-medium-file=\"https:\/\/olkar.com.tr\/wp-content\/uploads\/2024\/09\/e.png\" data-large-file=\"https:\/\/olkar.com.tr\/wp-content\/uploads\/2024\/09\/e.png\" src=\"https:\/\/olkar.com.tr\/wp-content\/uploads\/2024\/09\/e.png\" alt=\"\" width=\"216\" height=\"11\" class=\"alignnone size-full wp-image-13870\" srcset=\"https:\/\/olkar.com.tr\/wp-content\/uploads\/2024\/09\/e.png 216w, https:\/\/olkar.com.tr\/wp-content\/uploads\/2024\/09\/e-180x9.png 180w\" sizes=\"auto, (max-width: 216px) 100vw, 216px\" \/> <\/td>\n<td> 1,0 &#8211; 1,8 <\/td>\n<td> 3,0 &#8211; 3,5 <\/td>\n<\/tr>\n<\/table>\n<p>Metredeki oluk say\u0131s\u0131n\u0131n fazla olmas\u0131 nedeniyle, m\u00fckemmel y\u00fczey ezilme dayan\u0131m\u0131 olan E dalga, bask\u0131da, t\u00fcm di\u011fer dalga cinslerine g\u00f6re en iyi sonucu verir. Bu \u00f6zellikleri ve hafifli\u011fi nedeniyle, karton ambalajlar\u0131n yerine ba\u015far\u0131l\u0131 bir \u015fekilde kullan\u0131labilmektedir.<\/p>\n<table>\n<tr>\n<th>Dalga Cinsi <\/th>\n<th> Profil <\/th>\n<th> Dalga Y\u00fcksekli\u011fi (mm)<\/th>\n<th> Dalga Boyu (mm) <\/th>\n<\/tr>\n<tr>\n<td> EB <\/td>\n<td><img loading=\"lazy\" decoding=\"async\" data-attachment-id=\"13872\" data-permalink=\"https:\/\/olkar.com.tr\/?attachment_id=13872\" data-orig-file=\"https:\/\/olkar.com.tr\/wp-content\/uploads\/2024\/09\/eb.jpg\" data-orig-size=\"216,21\" data-comments-opened=\"1\" data-image-meta=\"{&quot;aperture&quot;:&quot;0&quot;,&quot;credit&quot;:&quot;&quot;,&quot;camera&quot;:&quot;&quot;,&quot;caption&quot;:&quot;&quot;,&quot;created_timestamp&quot;:&quot;0&quot;,&quot;copyright&quot;:&quot;&quot;,&quot;focal_length&quot;:&quot;0&quot;,&quot;iso&quot;:&quot;0&quot;,&quot;shutter_speed&quot;:&quot;0&quot;,&quot;title&quot;:&quot;Web&quot;,&quot;orientation&quot;:&quot;1&quot;}\" data-image-title=\"Web\" data-image-description=\"\" data-image-caption=\"\" data-medium-file=\"https:\/\/olkar.com.tr\/wp-content\/uploads\/2024\/09\/eb.jpg\" data-large-file=\"https:\/\/olkar.com.tr\/wp-content\/uploads\/2024\/09\/eb.jpg\" src=\"https:\/\/olkar.com.tr\/wp-content\/uploads\/2024\/09\/eb.jpg\" alt=\"\" width=\"216\" height=\"21\" class=\"alignnone size-full wp-image-13872\" srcset=\"https:\/\/olkar.com.tr\/wp-content\/uploads\/2024\/09\/eb.jpg 216w, https:\/\/olkar.com.tr\/wp-content\/uploads\/2024\/09\/eb-180x18.jpg 180w\" sizes=\"auto, (max-width: 216px) 100vw, 216px\" \/><\/td>\n<td> 3,2 &#8211; 4,5 <\/td>\n<td> E: 1,25 B:2,4 <\/td>\n<\/tr>\n<\/table>\n<p>EB dalga yani B ve E dalgan\u0131n birle\u015fimi olan koli mikrodopel koli olarak isimlendirilir. \u00c7ift oluklu koli s\u0131n\u0131f\u0131nda 5 \u00fcnite k\u00e2\u011f\u0131t katman\u0131 bulunur. Mikrodopel koli oluklar\u0131 s\u0131k\u0131 olan E ve B dalgan\u0131n birle\u015fmesiyle olduk\u00e7a mukavim bir hal al\u0131r. K\u0131r\u0131lgan, hassas, \u00e7ok kat\u0131 bir yap\u0131ya sahip olmayan \u00fcr\u00fcnler i\u00e7in mikrodopel koli kullan\u0131l\u0131r.<\/p>\n<table>\n<tr>\n<th>Dalga Cinsi <\/th>\n<th> Profil <\/th>\n<th> Dalga Y\u00fcksekli\u011fi (mm)<\/th>\n<th> Dalga Boyu (mm) <\/th>\n<\/tr>\n<tr>\n<td> BC <\/td>\n<td><img loading=\"lazy\" decoding=\"async\" data-attachment-id=\"13869\" data-permalink=\"https:\/\/olkar.com.tr\/?attachment_id=13869\" data-orig-file=\"https:\/\/olkar.com.tr\/wp-content\/uploads\/2024\/09\/bc.png\" data-orig-size=\"216,31\" data-comments-opened=\"1\" data-image-meta=\"{&quot;aperture&quot;:&quot;0&quot;,&quot;credit&quot;:&quot;&quot;,&quot;camera&quot;:&quot;&quot;,&quot;caption&quot;:&quot;&quot;,&quot;created_timestamp&quot;:&quot;0&quot;,&quot;copyright&quot;:&quot;&quot;,&quot;focal_length&quot;:&quot;0&quot;,&quot;iso&quot;:&quot;0&quot;,&quot;shutter_speed&quot;:&quot;0&quot;,&quot;title&quot;:&quot;&quot;,&quot;orientation&quot;:&quot;0&quot;}\" data-image-title=\"bc\" data-image-description=\"\" data-image-caption=\"\" data-medium-file=\"https:\/\/olkar.com.tr\/wp-content\/uploads\/2024\/09\/bc.png\" data-large-file=\"https:\/\/olkar.com.tr\/wp-content\/uploads\/2024\/09\/bc.png\" src=\"https:\/\/olkar.com.tr\/wp-content\/uploads\/2024\/09\/bc.png\" alt=\"\" width=\"216\" height=\"31\" class=\"alignnone size-full wp-image-13869\" srcset=\"https:\/\/olkar.com.tr\/wp-content\/uploads\/2024\/09\/bc.png 216w, https:\/\/olkar.com.tr\/wp-content\/uploads\/2024\/09\/bc-180x26.png 180w\" sizes=\"auto, (max-width: 216px) 100vw, 216px\" \/><\/td>\n<td> 5,5 &#8211; 6,5 <\/td>\n<td> B:2,4 C:3,6 <\/td>\n<\/tr>\n<\/table>\n<p>Dopel koli ambalaj piyasas\u0131n\u0131n en \u00e7ok t\u00fcketti\u011fi \u00fcr\u00fcnlerin ba\u015f\u0131nda gelmektedir. Dopel kolinin maliyeti di\u011fer ambalajlara oranla daha ucuzdur ve \u00fcr\u00fcn yap\u0131s\u0131na uygun bir ta\u015f\u0131ma \u015fekli verdi\u011finden ba\u015fl\u0131ca tercih sebebidir. Dopel kolide 5 \u00fcnite ka\u011f\u0131t katman\u0131 bulunmaktad\u0131r.<\/p>\n","protected":false},"excerpt":{"rendered":"<p>Oluklu mukavva, 20. y\u00fczy\u0131lda geli\u015ftirilen en \u00f6nemli ka\u011f\u0131t bazl\u0131 ambalaj malzemelerinden biri olarak kabul edilir. Yap\u0131s\u0131nda iki d\u00fcz karton (liner) bulunur ve bunlar\u0131 bir arada tutan dalgal\u0131 bir karton tabakas\u0131 (fluting) vard\u0131r. Bu yap\u0131, darbelere ve bask\u0131ya kar\u015f\u0131 olduk\u00e7a diren\u00e7li olmas\u0131n\u0131 sa\u011flar. Dayan\u0131kl\u0131l\u0131k, oluklar\u0131n aras\u0131ndaki mesafe, say\u0131s\u0131, katman say\u0131s\u0131 ve kullan\u0131lan kartonun kal\u0131nl\u0131\u011f\u0131na g\u00f6re art\u0131\u015f g\u00f6sterebilir. Karton grubundaki di\u011fer ambalaj malzemeleri ise Gri Karton, Kroma Karton, Duplex (iki katl\u0131) veya Triplex (\u00fc\u00e7 katl\u0131) Kartonlar ve Saman Karton olarak s\u0131ralanabilir. Olkar Ambalaj sanayi olarak \u00e7evre dostu \u00fcretim anlay\u0131\u015f\u0131m\u0131zla, \u00fcr\u00fcnlerimizi g\u00fcvenle kullanabilirsiniz. Oluklu mukavva \u00e7e\u015fitleri, fiyatland\u0131rma ve di\u011fer detaylar hakk\u0131nda bilgi almak i\u00e7in sat\u0131\u015f temsilcilerimizle ileti\u015fime ge\u00e7ebilir ve size \u00f6zel fiyat teklifi alabilirsiniz. \u0130\u015finize de\u011fer katmak ve kalite yaratmak amac\u0131yla gece g\u00fcnd\u00fcz \u00e7al\u0131\u015fmaya devam ediyoruz.<\/p>\n","protected":false},"featured_media":13866,"comment_status":"closed","ping_status":"closed","template":"","meta":[],"product_brand":[],"product_cat":[31],"product_tag":[],"class_list":{"0":"post-13867","1":"product","2":"type-product","3":"status-publish","4":"has-post-thumbnail","6":"product_cat-urunlerimiz","8":"first","9":"instock","10":"shipping-taxable","11":"product-type-simple"},"jetpack_sharing_enabled":true,"_links":{"self":[{"href":"https:\/\/olkar.com.tr\/index.php\/wp-json\/wp\/v2\/product\/13867","targetHints":{"allow":["GET"]}}],"collection":[{"href":"https:\/\/olkar.com.tr\/index.php\/wp-json\/wp\/v2\/product"}],"about":[{"href":"https:\/\/olkar.com.tr\/index.php\/wp-json\/wp\/v2\/types\/product"}],"replies":[{"embeddable":true,"href":"https:\/\/olkar.com.tr\/index.php\/wp-json\/wp\/v2\/comments?post=13867"}],"wp:featuredmedia":[{"embeddable":true,"href":"https:\/\/olkar.com.tr\/index.php\/wp-json\/wp\/v2\/media\/13866"}],"wp:attachment":[{"href":"https:\/\/olkar.com.tr\/index.php\/wp-json\/wp\/v2\/media?parent=13867"}],"wp:term":[{"taxonomy":"product_brand","embeddable":true,"href":"https:\/\/olkar.com.tr\/index.php\/wp-json\/wp\/v2\/product_brand?post=13867"},{"taxonomy":"product_cat","embeddable":true,"href":"https:\/\/olkar.com.tr\/index.php\/wp-json\/wp\/v2\/product_cat?post=13867"},{"taxonomy":"product_tag","embeddable":true,"href":"https:\/\/olkar.com.tr\/index.php\/wp-json\/wp\/v2\/product_tag?post=13867"}],"curies":[{"name":"wp","href":"https:\/\/api.w.org\/{rel}","templated":true}]}}