{"id":13574,"date":"2024-09-08T02:43:38","date_gmt":"2024-09-07T23:43:38","guid":{"rendered":"https:\/\/olkar.com.tr\/wordpress\/?post_type=product&#038;p=13574"},"modified":"2024-09-14T01:22:21","modified_gmt":"2024-09-13T22:22:21","slug":"antistatik-esd-cekmeceli-kutu","status":"publish","type":"product","link":"https:\/\/olkar.com.tr\/index.php\/product\/antistatik-esd-cekmeceli-kutu\/","title":{"rendered":"Antistatik ESD \u00c7ekmeceli Kutu"},"content":{"rendered":"","protected":false},"excerpt":{"rendered":"<p>Elektrostatik de\u015farj (ESD) koruyucu ambalaj, elektronik \u00fcretim end\u00fcstrisinde ince ancak son derece \u00f6nemli bir role sahiptir. ESD ambalaj malzemeleri, paketlenmi\u015f elektronik devreler ve \u00e7ipler i\u00e7in statik ak\u0131m bo\u015falmas\u0131, \u0131s\u0131, nem, korozyon vb. durumlara kar\u015f\u0131 tam koruma sa\u011flar.<\/p>\n","protected":false},"featured_media":13759,"comment_status":"closed","ping_status":"closed","template":"","meta":[],"product_brand":[],"product_cat":[31,34],"product_tag":[],"class_list":{"0":"post-13574","1":"product","2":"type-product","3":"status-publish","4":"has-post-thumbnail","6":"product_cat-urunlerimiz","7":"product_cat-esd","9":"first","10":"instock","11":"shipping-taxable","12":"product-type-simple"},"jetpack_sharing_enabled":true,"_links":{"self":[{"href":"https:\/\/olkar.com.tr\/index.php\/wp-json\/wp\/v2\/product\/13574","targetHints":{"allow":["GET"]}}],"collection":[{"href":"https:\/\/olkar.com.tr\/index.php\/wp-json\/wp\/v2\/product"}],"about":[{"href":"https:\/\/olkar.com.tr\/index.php\/wp-json\/wp\/v2\/types\/product"}],"replies":[{"embeddable":true,"href":"https:\/\/olkar.com.tr\/index.php\/wp-json\/wp\/v2\/comments?post=13574"}],"wp:featuredmedia":[{"embeddable":true,"href":"https:\/\/olkar.com.tr\/index.php\/wp-json\/wp\/v2\/media\/13759"}],"wp:attachment":[{"href":"https:\/\/olkar.com.tr\/index.php\/wp-json\/wp\/v2\/media?parent=13574"}],"wp:term":[{"taxonomy":"product_brand","embeddable":true,"href":"https:\/\/olkar.com.tr\/index.php\/wp-json\/wp\/v2\/product_brand?post=13574"},{"taxonomy":"product_cat","embeddable":true,"href":"https:\/\/olkar.com.tr\/index.php\/wp-json\/wp\/v2\/product_cat?post=13574"},{"taxonomy":"product_tag","embeddable":true,"href":"https:\/\/olkar.com.tr\/index.php\/wp-json\/wp\/v2\/product_tag?post=13574"}],"curies":[{"name":"wp","href":"https:\/\/api.w.org\/{rel}","templated":true}]}}