{"id":13479,"date":"2024-09-07T07:15:51","date_gmt":"2024-09-07T04:15:51","guid":{"rendered":"https:\/\/olkar.com.tr\/wordpress\/?post_type=product&#038;p=13479"},"modified":"2024-09-07T07:16:44","modified_gmt":"2024-09-07T04:16:44","slug":"a-box-tam-kapak-koli","status":"publish","type":"product","link":"https:\/\/olkar.com.tr\/index.php\/product\/a-box-tam-kapak-koli\/","title":{"rendered":"A-Box Tam Kapak Koli"},"content":{"rendered":"<p>A-Box Tam kapak koliler, i\u00e7indeki \u00fcr\u00fcnleri tamamen kapatarak onlar\u0131 g\u00fcvenli bir \u015fekilde korur ve geni\u015f bir kullan\u0131m yelpazesi sunar. \u0130\u015fte tam kapak kolilerin yayg\u0131n olarak kullan\u0131ld\u0131\u011f\u0131 alanlar:<\/p>\n<p>Depolama ve Ar\u015fivleme: Belge, dosya ve di\u011fer \u00f6nemli evraklar\u0131n g\u00fcvenli bir \u015fekilde saklanmas\u0131n\u0131 sa\u011flar.<br \/>\nTa\u015f\u0131mac\u0131l\u0131k: K\u0131r\u0131labilir veya hassas e\u015fyalar\u0131n ta\u015f\u0131nmas\u0131nda tercih edilir, d\u0131\u015f etkenlerden y\u00fcksek koruma sunar.<br \/>\nE-ticaret: \u00dcr\u00fcnlerin m\u00fc\u015fterilere g\u00fcvenli ve sa\u011flam bir \u015fekilde ula\u015fmas\u0131n\u0131 sa\u011flar.<br \/>\nG\u0131da Sekt\u00f6r\u00fc: G\u0131da \u00fcr\u00fcnlerinin hijyenik bir \u015fekilde depolanmas\u0131 ve ta\u015f\u0131nmas\u0131n\u0131 destekler.<br \/>\nElektronik \u00dcr\u00fcnler: Elektronik cihazlar\u0131n \u015fok ve darbelere kar\u015f\u0131 korunmas\u0131n\u0131 sa\u011flar.<br \/>\nEv Ta\u015f\u0131mac\u0131l\u0131\u011f\u0131: Ev e\u015fyalar\u0131n\u0131n ta\u015f\u0131nmas\u0131nda d\u00fczenli ve g\u00fcvenli bir \u00e7\u00f6z\u00fcm sunar.<br \/>\nMa\u011fazac\u0131l\u0131k: \u00dcr\u00fcnlerin depolanmas\u0131 ve ta\u015f\u0131nmas\u0131nda kullan\u0131l\u0131r, ayr\u0131ca ma\u011faza i\u00e7i stok y\u00f6netimini kolayla\u015ft\u0131r\u0131r.<br \/>\nSanayi ve \u00dcretim: \u00dcretilen \u00fcr\u00fcnlerin g\u00fcvenli bir \u015fekilde paketlenmesi ve ta\u015f\u0131nmas\u0131 i\u00e7in uygundur.<br \/>\nTam kapak koliler, \u00fcr\u00fcnlere ekstra koruma sa\u011flayarak zarar g\u00f6rme riskini azalt\u0131r ve bu y\u00fczden bir\u00e7ok sekt\u00f6rde tercih edilmektedir.<\/p>\n","protected":false},"excerpt":{"rendered":"<p>A-Box Tam kapak koliler, i\u00e7indeki \u00fcr\u00fcnleri tamamen kapatarak onlar\u0131 g\u00fcvenli bir \u015fekilde korur ve geni\u015f bir kullan\u0131m yelpazesi sunar.<\/p>\n","protected":false},"featured_media":13461,"comment_status":"closed","ping_status":"closed","template":"","meta":[],"product_brand":[],"product_cat":[31,32],"product_tag":[],"class_list":{"0":"post-13479","1":"product","2":"type-product","3":"status-publish","4":"has-post-thumbnail","6":"product_cat-urunlerimiz","7":"product_cat-a-box-koliler","9":"first","10":"instock","11":"shipping-taxable","12":"product-type-simple"},"jetpack_sharing_enabled":true,"_links":{"self":[{"href":"https:\/\/olkar.com.tr\/index.php\/wp-json\/wp\/v2\/product\/13479","targetHints":{"allow":["GET"]}}],"collection":[{"href":"https:\/\/olkar.com.tr\/index.php\/wp-json\/wp\/v2\/product"}],"about":[{"href":"https:\/\/olkar.com.tr\/index.php\/wp-json\/wp\/v2\/types\/product"}],"replies":[{"embeddable":true,"href":"https:\/\/olkar.com.tr\/index.php\/wp-json\/wp\/v2\/comments?post=13479"}],"wp:featuredmedia":[{"embeddable":true,"href":"https:\/\/olkar.com.tr\/index.php\/wp-json\/wp\/v2\/media\/13461"}],"wp:attachment":[{"href":"https:\/\/olkar.com.tr\/index.php\/wp-json\/wp\/v2\/media?parent=13479"}],"wp:term":[{"taxonomy":"product_brand","embeddable":true,"href":"https:\/\/olkar.com.tr\/index.php\/wp-json\/wp\/v2\/product_brand?post=13479"},{"taxonomy":"product_cat","embeddable":true,"href":"https:\/\/olkar.com.tr\/index.php\/wp-json\/wp\/v2\/product_cat?post=13479"},{"taxonomy":"product_tag","embeddable":true,"href":"https:\/\/olkar.com.tr\/index.php\/wp-json\/wp\/v2\/product_tag?post=13479"}],"curies":[{"name":"wp","href":"https:\/\/api.w.org\/{rel}","templated":true}]}}