{"id":13468,"date":"2024-09-07T07:13:57","date_gmt":"2024-09-07T04:13:57","guid":{"rendered":"https:\/\/olkar.com.tr\/wordpress\/?post_type=product&#038;p=13468"},"modified":"2024-09-07T07:13:57","modified_gmt":"2024-09-07T04:13:57","slug":"a-box-yarim-kapak-koli","status":"publish","type":"product","link":"https:\/\/olkar.com.tr\/index.php\/product\/a-box-yarim-kapak-koli\/","title":{"rendered":"A-Box Yar\u0131m Kapak Koli"},"content":{"rendered":"<p>A-Box Yar\u0131m kapak koliler, tam kapak kolilere k\u0131yasla daha a\u00e7\u0131k bir yap\u0131 sunar ve geni\u015f bir kullan\u0131m yelpazesine sahiptir. \u0130\u015fte yar\u0131m kapak kolilerin yayg\u0131n olarak tercih edildi\u011fi alanlar:<br \/>\nEv ve Ofis Ta\u015f\u0131mac\u0131l\u0131\u011f\u0131: Ev ve ofis e\u015fyalar\u0131n\u0131n ta\u015f\u0131nmas\u0131n\u0131 kolayla\u015ft\u0131r\u0131r ve e\u015fyalar\u0131n h\u0131zla eri\u015filmesini sa\u011flar.<br \/>\nAr\u015fivleme: Belgeler ve dosyalar\u0131n d\u00fczenli bir \u015fekilde saklanmas\u0131na ve kolayca eri\u015filmesine olanak tan\u0131r.<br \/>\nDepolama: Depolarda \u00fcr\u00fcnlerin h\u0131zl\u0131 ve kolay eri\u015fimi i\u00e7in ideal bir \u00e7\u00f6z\u00fcmd\u00fcr.<br \/>\nMa\u011fazac\u0131l\u0131k: Ma\u011faza i\u00e7indeki \u00fcr\u00fcnlerin d\u00fczenli bir \u015fekilde sergilenmesi ve stok y\u00f6netimi i\u00e7in kullan\u0131l\u0131r.<br \/>\nPerakende: Raflarda veya te\u015fhir alanlar\u0131nda, m\u00fc\u015fterilerin \u00fcr\u00fcnleri rahat\u00e7a g\u00f6rebilmesi ve eri\u015febilmesi i\u00e7in uygundur.<br \/>\nG\u0131da Sekt\u00f6r\u00fc: Taze g\u0131da \u00fcr\u00fcnlerinin ta\u015f\u0131nmas\u0131 ve sergilenmesi i\u00e7in uygundur, hava alabilen yap\u0131s\u0131 sayesinde \u00fcr\u00fcnlerin tazeli\u011fini korur.<br \/>\nSanayi ve \u00dcretim: \u00dcretim s\u00fcre\u00e7lerinde yar\u0131 mamul veya tamamlanm\u0131\u015f \u00fcr\u00fcnlerin ta\u015f\u0131nmas\u0131nda etkin bir kullan\u0131m sunar.<br \/>\nYar\u0131m kapak koliler, \u00fcr\u00fcnlerin eri\u015fimini kolayla\u015ft\u0131rarak i\u015f s\u00fcre\u00e7lerini h\u0131zland\u0131r\u0131r ve genel verimlili\u011fi art\u0131r\u0131r.<\/p>\n","protected":false},"excerpt":{"rendered":"<p>A-Box Yar\u0131m kapak koliler, tam kapak kolilere k\u0131yasla daha a\u00e7\u0131k bir yap\u0131 sunar ve geni\u015f bir kullan\u0131m yelpazesine sahiptir.<\/p>\n","protected":false},"featured_media":13457,"comment_status":"closed","ping_status":"closed","template":"","meta":[],"product_brand":[],"product_cat":[31,32],"product_tag":[],"class_list":{"0":"post-13468","1":"product","2":"type-product","3":"status-publish","4":"has-post-thumbnail","6":"product_cat-urunlerimiz","7":"product_cat-a-box-koliler","9":"first","10":"instock","11":"shipping-taxable","12":"product-type-simple"},"jetpack_sharing_enabled":true,"_links":{"self":[{"href":"https:\/\/olkar.com.tr\/index.php\/wp-json\/wp\/v2\/product\/13468","targetHints":{"allow":["GET"]}}],"collection":[{"href":"https:\/\/olkar.com.tr\/index.php\/wp-json\/wp\/v2\/product"}],"about":[{"href":"https:\/\/olkar.com.tr\/index.php\/wp-json\/wp\/v2\/types\/product"}],"replies":[{"embeddable":true,"href":"https:\/\/olkar.com.tr\/index.php\/wp-json\/wp\/v2\/comments?post=13468"}],"wp:featuredmedia":[{"embeddable":true,"href":"https:\/\/olkar.com.tr\/index.php\/wp-json\/wp\/v2\/media\/13457"}],"wp:attachment":[{"href":"https:\/\/olkar.com.tr\/index.php\/wp-json\/wp\/v2\/media?parent=13468"}],"wp:term":[{"taxonomy":"product_brand","embeddable":true,"href":"https:\/\/olkar.com.tr\/index.php\/wp-json\/wp\/v2\/product_brand?post=13468"},{"taxonomy":"product_cat","embeddable":true,"href":"https:\/\/olkar.com.tr\/index.php\/wp-json\/wp\/v2\/product_cat?post=13468"},{"taxonomy":"product_tag","embeddable":true,"href":"https:\/\/olkar.com.tr\/index.php\/wp-json\/wp\/v2\/product_tag?post=13468"}],"curies":[{"name":"wp","href":"https:\/\/api.w.org\/{rel}","templated":true}]}}