{"id":1326,"date":"2017-10-16T13:06:09","date_gmt":"2017-10-16T13:06:09","guid":{"rendered":"http:\/\/ninzio.com\/prelude\/?page_id=1326"},"modified":"2024-09-20T12:35:58","modified_gmt":"2024-09-20T09:35:58","slug":"services","status":"publish","type":"page","link":"https:\/\/olkar.com.tr\/index.php\/services\/","title":{"rendered":"Hakk\u0131m\u0131zda"},"content":{"rendered":"<div class=\"wpb-content-wrapper\"><p>[vc_row full_width=&#8221;stretch_row&#8221;][vc_column]\r\n\t<div class=\"prelude-spacer clearfix\" data-desktop=\"60\" data-mobi=\"40\" data-smobi=\"40\"><\/div><div class=\"prelude-headings clearfix text-center\" data-font=14 style=\"\"><h3 class=\"heading clearfix \" style=\"font-weight:500;color:rgba(45,23,5,0.68);letter-spacing:0.25px;margin-bottom:15px;font-size:14px;\">\r\n\t\tYEN\u0130L\u0130K\u00c7\u0130, PRAT\u0130K, HIZLI, \u00c7EVRE DOSTU \u00c7\u00d6Z\u00dcMLERLE \u0130HT\u0130YACINIZ OLAN HER AN YANINIZDAYIZ.\r\n\t<\/h3><\/div>\r\n\t<div class=\"prelude-spacer clearfix\" data-desktop=\"40\" data-mobi=\"20\" data-smobi=\"20\"><\/div>[vc_column_text css=&#8221;&#8221;]<\/p>\n<h2 style=\"max-width: 800px; text-align: center; font-weight: 600; margin: 0 auto 10px;\"><span style=\"color: #2d1705;\"><span style=\"font-weight: 300;\">M\u00fc\u015fterilerimize \u00f6zel<\/span> <span style=\"color: #c9722a;\">planlama ve \u00fcretim<\/span> <span style=\"font-weight: 300;\"> yap\u0131yoruz. <\/span><\/span><\/h2>\n<p>[\/vc_column_text][vc_row_inner][vc_column_inner width=&#8221;1\/2&#8243;]\r\n\t<div class=\"prelude-spacer clearfix\" data-desktop=\"70\" data-mobi=\"40\" data-smobi=\"40\"><\/div><div class=\"prelude-content-box clearfix  wow fadeInUp\" data-padding=\"50px 36px 37px\" data-mobipadding=\"50px 36px 37px\" data-margin=\"\" data-mobimargin=\"\"  data-wow-duration=\"0.75s\" data-wow-delay=\"0.3s\">\r\n\t\t<div class=\"inner ctb-230920091\" style=\"\"  data-background=\"#ffffff\" data-rounded=\"20px\" data-border-width=\"0px 0px 5px 0px\" data-shadow=\" 0px 5px 90px 0px rgba(110,123,131,0.1)\" data-border-color-hover=\"#dd9933\" data-translatey=\"-10\">\r\n\t\t\t<div class=\"prelude-icon-box clearfix icon-top align-left  link-hover-accent simple\" style=\"\" ><div class=\"wrap-inner\" style=\"position: relative;\"> <div class=\"content-wrap\"><div class=\"desc\" style=\"color:#2d1705;font-size:15px;line-height:26px;margin-bottom:25px;\"><p>\u0130lk olarak \u0130stanbul G\u00fcng\u00f6ren\u2019de sekt\u00f6rde hizmet vermeye ba\u015flayan OLKAR Ambalaj 22 y\u0131ll\u0131k deneyimle ambalaj ve kutu \u00e7\u00f6z\u00fcmlerinde liderdir. M\u00fc\u015fterilerimize, kalite ve g\u00fcveni \u00f6n planda tutarak, en y\u00fcksek standartlarda do\u011fa dostu \u00fcr\u00fcnler ve hizmetler sunuyoruz. 7\/24 destek ve g\u00fcler y\u00fczl\u00fc hizmet anlay\u0131\u015f\u0131m\u0131zla her zaman yan\u0131n\u0131zday\u0131z.<\/p>\n<\/div><\/div><\/div><\/div>\r\n\t<div class=\"prelude-spacer clearfix\" data-desktop=\"60\" data-mobi=\"40\" data-smobi=\"40\"><\/div>\r\n\t\t<\/div>\r\n\t<\/div>[\/vc_column_inner][vc_column_inner width=&#8221;1\/2&#8243;]\r\n\t<div class=\"prelude-spacer clearfix\" data-desktop=\"70\" data-mobi=\"40\" data-smobi=\"40\"><\/div><div class=\"prelude-image-box clearfix style-2 \" style=\"\" >\r\n        <div class=\"item\">\r\n            <div class=\"inner\">\r\n                <div class=\"thumb\" style=\"\"><img loading=\"lazy\" decoding=\"async\" width=\"2560\" height=\"1707\" src=\"https:\/\/olkar.com.tr\/wp-content\/uploads\/2024\/09\/iStock-1314461159-scaled.jpg\" class=\"attachment-full size-full\" alt=\"\" srcset=\"https:\/\/olkar.com.tr\/wp-content\/uploads\/2024\/09\/iStock-1314461159-scaled.jpg 2560w, https:\/\/olkar.com.tr\/wp-content\/uploads\/2024\/09\/iStock-1314461159-300x200.jpg 300w, https:\/\/olkar.com.tr\/wp-content\/uploads\/2024\/09\/iStock-1314461159-1024x683.jpg 1024w, https:\/\/olkar.com.tr\/wp-content\/uploads\/2024\/09\/iStock-1314461159-768x512.jpg 768w, https:\/\/olkar.com.tr\/wp-content\/uploads\/2024\/09\/iStock-1314461159-1536x1024.jpg 1536w, https:\/\/olkar.com.tr\/wp-content\/uploads\/2024\/09\/iStock-1314461159-2048x1365.jpg 2048w, https:\/\/olkar.com.tr\/wp-content\/uploads\/2024\/09\/iStock-1314461159-180x120.jpg 180w\" sizes=\"auto, (max-width: 2560px) 100vw, 2560px\" data-attachment-id=\"13720\" data-permalink=\"https:\/\/olkar.com.tr\/index.php\/olkar_homepage\/cardboard-boxes-on-conveyor-belt-parcels-transportation-system-concept\/\" data-orig-file=\"https:\/\/olkar.com.tr\/wp-content\/uploads\/2024\/09\/iStock-1314461159-scaled.jpg\" data-orig-size=\"2560,1707\" data-comments-opened=\"1\" data-image-meta=\"{&quot;aperture&quot;:&quot;2.8&quot;,&quot;credit&quot;:&quot;Getty Images\\\/iStockphoto&quot;,&quot;camera&quot;:&quot;NIKON D850&quot;,&quot;caption&quot;:&quot;Cardboard boxes on conveyor belt. parcels transportation system concept&quot;,&quot;created_timestamp&quot;:&quot;1603192531&quot;,&quot;copyright&quot;:&quot;I-Viewfinder&quot;,&quot;focal_length&quot;:&quot;62&quot;,&quot;iso&quot;:&quot;500&quot;,&quot;shutter_speed&quot;:&quot;0.016666666666667&quot;,&quot;title&quot;:&quot;Cardboard boxes on conveyor belt. parcels transportation system concept&quot;,&quot;orientation&quot;:&quot;0&quot;}\" data-image-title=\"Cardboard boxes on conveyor belt. parcels transportation system concept\" data-image-description=\"\" data-image-caption=\"&lt;p&gt;Cardboard boxes on conveyor belt. parcels transportation system concept&lt;\/p&gt;\n\" data-medium-file=\"https:\/\/olkar.com.tr\/wp-content\/uploads\/2024\/09\/iStock-1314461159-300x200.jpg\" data-large-file=\"https:\/\/olkar.com.tr\/wp-content\/uploads\/2024\/09\/iStock-1314461159-1024x683.jpg\" \/> <\/div>\r\n                <div class=\"text-wrap \" style=\"\">\r\n                      \r\n                <\/div>\r\n                \r\n            <\/div>\r\n        <\/div>\r\n    <\/div>\r\n\t<div class=\"prelude-spacer clearfix\" data-desktop=\"100\" data-mobi=\"60\" data-smobi=\"60\"><\/div>[\/vc_column_inner][\/vc_row_inner]\r\n\t<div class=\"prelude-spacer clearfix\" data-desktop=\"50\" data-mobi=\"30\" data-smobi=\"30\"><\/div>[vc_row_inner][vc_column_inner width=&#8221;1\/3&#8243;]<div class=\"prelude-content-box clearfix  wow fadeInUp\" data-padding=\"50px 36px 37px\" data-mobipadding=\"50px 36px 37px\" data-margin=\"\" data-mobimargin=\"\"  data-wow-duration=\"0.75s\" data-wow-delay=\"0s\">\r\n\t\t<div class=\"inner ctb-1466859679\" style=\"\"  data-background=\"#ffffff\" data-rounded=\"20px\" data-border-color=\"#ffffff\" data-border-width=\"0px 0px 5px 0px\" data-shadow=\" 0px 5px 90px 0px rgba(110,123,131,0.1)\" data-border-color-hover=\"#dd9933\" data-translatey=\"-10\">\r\n\t\t\t<div class=\"prelude-icon-box clearfix icon-top align-left  link-hover-accent simple\" style=\"\" ><div class=\"wrap-inner\" style=\"position: relative;\"><div class=\"prelude-icon icon-781158300 icon-font accent custom\"  data-background=\"\">\r\n\t\t\t<span class=\"icon\" style=\"font-size:50px;width:60px;height:60px;border-style:solid;line-height:60px;\"><i class=\"preico-puzzle\"><\/i><\/span>\r\n\t\t<\/div> <div class=\"content-wrap\"><h3 class=\"heading \" style=\"color:#2d1705;font-size:22px;margin-top:15px;margin-bottom:16px;\">\r\n\t\t\t<span>Malzeme Se\u00e7imi<\/span>\r\n\t\t<\/h3><div class=\"desc\" style=\"font-size:13px;line-height:26px;margin-bottom:25px;\"><p><span style=\"color: #2d1705;\">Sizin i\u00e7in en uygun ambalaj malzemelerini se\u00e7erken, kalite ve dayan\u0131kl\u0131l\u0131\u011f\u0131 \u00f6n planda tutuyoruz. \u0130htiya\u00e7lar\u0131n\u0131za ve \u00fcr\u00fcnlerinize uygun malzemeleri titizlikle se\u00e7erek, ambalajlar\u0131n\u0131z\u0131n g\u00fcvenli\u011fini ve etkinli\u011fini sa\u011fl\u0131yoruz.<\/span><\/p>\n<\/div><\/div><\/div><\/div>\r\n\t\t<\/div>\r\n\t<\/div>\r\n\t<div class=\"prelude-spacer clearfix\" data-desktop=\"30\" data-mobi=\"30\" data-smobi=\"30\"><\/div><div class=\"prelude-content-box clearfix  wow fadeInUp\" data-padding=\"50px 36px 37px\" data-mobipadding=\"50px 36px 37px\" data-margin=\"\" data-mobimargin=\"\"  data-wow-duration=\"0.75s\" data-wow-delay=\"0s\">\r\n\t\t<div class=\"inner ctb-1744696708\" style=\"\"  data-background=\"#ffffff\" data-rounded=\"20px\" data-border-color=\"#ffffff\" data-border-width=\"0px 0px 5px 0px\" data-shadow=\" 0px 5px 90px 0px rgba(110,123,131,0.1)\" data-border-color-hover=\"#dd9933\" data-translatey=\"-10\">\r\n\t\t\t<div class=\"prelude-icon-box clearfix icon-top align-left  link-hover-accent simple\" style=\"\" ><div class=\"wrap-inner\" style=\"position: relative;\"><div class=\"prelude-icon icon-2059264877 icon-font accent custom\"  data-background=\"\">\r\n\t\t\t<span class=\"icon\" style=\"font-size:50px;width:60px;height:60px;border-style:solid;border-radius:30px;line-height:60px;\"><i class=\"preico-coding-4\"><\/i><\/span>\r\n\t\t<\/div> <div class=\"content-wrap\"><h3 class=\"heading \" style=\"color:#2d1705;font-size:22px;margin-top:15px;margin-bottom:16px;\">\r\n\t\t\t<span>\u00dcretim<\/span>\r\n\t\t<\/h3><div class=\"desc\" style=\"color:#2d1705;font-size:15px;line-height:26px;margin-bottom:25px;\"><p><span style=\"color: #2d1705;\">Modern \u00fcretim tesislerimizde y\u00fcksek kaliteli ambalajlar \u00fcretiriz. Her bir \u00fcretim a\u015famas\u0131nda kalite kontrol\u00fcn\u00fc titizlikle ger\u00e7ekle\u015ftirerek, standartlar\u0131m\u0131z\u0131 y\u00fcksek tutar ve g\u00fcvenilir \u00fcr\u00fcnler sunar\u0131z.<\/span><\/p>\n<\/div><\/div><\/div><\/div>\r\n\t\t<\/div>\r\n\t<\/div>\r\n\t<div class=\"prelude-spacer clearfix\" data-desktop=\"0\" data-mobi=\"30\" data-smobi=\"30\"><\/div>[\/vc_column_inner][vc_column_inner width=&#8221;1\/3&#8243;]<div class=\"prelude-content-box clearfix  wow fadeInUp\" data-padding=\"50px 36px 37px\" data-mobipadding=\"50px 36px 37px\" data-margin=\"\" data-mobimargin=\"\"  data-wow-duration=\"0.75s\" data-wow-delay=\"0.3s\">\r\n\t\t<div class=\"inner ctb-350331913\" style=\"\"  data-background=\"#ffffff\" data-rounded=\"20px\" data-border-color=\"#ffffff\" data-border-width=\"0px 0px 5px 0px\" data-shadow=\" 0px 5px 90px 0px rgba(110,123,131,0.1)\" data-border-color-hover=\"#dd9933\" data-translatey=\"-10\">\r\n\t\t\t<div class=\"prelude-icon-box clearfix icon-top align-left  link-hover-accent simple\" style=\"\" ><div class=\"wrap-inner\" style=\"position: relative;\"><div class=\"prelude-icon icon-614740269 icon-font accent custom\"  data-background=\"\">\r\n\t\t\t<span class=\"icon\" style=\"font-size:50px;width:60px;height:60px;border-style:solid;line-height:60px;\"><i class=\"preico-coding-1\"><\/i><\/span>\r\n\t\t<\/div> <div class=\"content-wrap\"><h3 class=\"heading \" style=\"color:#2d1705;font-size:22px;margin-top:15px;margin-bottom:16px;\">\r\n\t\t\t<span>Tasar\u0131m<\/span>\r\n\t\t<\/h3><div class=\"desc\" style=\"font-size:13px;line-height:26px;margin-bottom:25px;\"><p><span style=\"color: #2d1705;\">Yarat\u0131c\u0131 ve i\u015flevsel ambalaj tasar\u0131mlar\u0131m\u0131z, markan\u0131z\u0131 en iyi \u015fekilde yans\u0131tmak i\u00e7in \u00f6zel olarak haz\u0131rlan\u0131r. Tasar\u0131m ekibimiz, estetik ve fonksiyonelli\u011fi bir araya getirerek ambalajlar\u0131n\u0131z\u0131 g\u00f6z al\u0131c\u0131 ve etkili hale getirir.<\/span><\/p>\n<\/div><\/div><\/div><\/div>\r\n\t\t<\/div>\r\n\t<\/div>\r\n\t<div class=\"prelude-spacer clearfix\" data-desktop=\"30\" data-mobi=\"30\" data-smobi=\"30\"><\/div><div class=\"prelude-content-box clearfix  wow fadeInUp\" data-padding=\"50px 36px 37px\" data-mobipadding=\"50px 36px 37px\" data-margin=\"\" data-mobimargin=\"\"  data-wow-duration=\"0.75s\" data-wow-delay=\"0.3s\">\r\n\t\t<div class=\"inner ctb-425850314\" style=\"\"  data-background=\"#ffffff\" data-rounded=\"20px\" data-border-color=\"#ffffff\" data-border-width=\"0px 0px 5px 0px\" data-shadow=\" 0px 5px 90px 0px rgba(110,123,131,0.1)\" data-border-color-hover=\"#dd9933\" data-translatey=\"-10\">\r\n\t\t\t<div class=\"prelude-icon-box clearfix icon-top align-left  link-hover-accent simple\" style=\"\" ><div class=\"wrap-inner\" style=\"position: relative;\"><div class=\"prelude-icon icon-1151550966 icon-font accent custom\"  data-background=\"\">\r\n\t\t\t<span class=\"icon\" style=\"font-size:50px;width:60px;height:60px;border-style:solid;line-height:60px;\"><i class=\"preico-startup1\"><\/i><\/span>\r\n\t\t<\/div> <div class=\"content-wrap\"><h3 class=\"heading \" style=\"color:#2d1705;font-size:22px;margin-top:15px;margin-bottom:16px;\">\r\n\t\t\t<span>Teslimat<\/span>\r\n\t\t<\/h3><div class=\"desc\" style=\"color:#2d1705;font-size:15px;line-height:26px;margin-bottom:25px;\"><p><span style=\"color: #2d1705;\">H\u0131zl\u0131 ve g\u00fcvenilir teslimat hizmetimizle, ambalajlar\u0131n\u0131z\u0131 zaman\u0131nda ve sa\u011flam bir \u015fekilde elinize ula\u015ft\u0131r\u0131yoruz. Teslimat s\u00fcre\u00e7lerimizi en iyi \u015fekilde y\u00f6neterek, projenizin her a\u015famas\u0131nda size destek oluyoruz.<\/span><\/p>\n<\/div><\/div><\/div><\/div>\r\n\t\t<\/div>\r\n\t<\/div>\r\n\t<div class=\"prelude-spacer clearfix\" data-desktop=\"0\" data-mobi=\"30\" data-smobi=\"30\"><\/div>[\/vc_column_inner][vc_column_inner width=&#8221;1\/3&#8243;]<div class=\"prelude-content-box clearfix  wow fadeInUp\" data-padding=\"50px 36px 37px\" data-mobipadding=\"50px 36px 37px\" data-margin=\"\" data-mobimargin=\"\"  data-wow-duration=\"0.75s\" data-wow-delay=\"0.6s\">\r\n\t\t<div class=\"inner ctb-1625340235\" style=\"\"  data-background=\"#ffffff\" data-rounded=\"20px\" data-border-color=\"#ffffff\" data-border-width=\"0px 0px 5px 0px\" data-shadow=\" 0px 5px 90px 0px rgba(110,123,131,0.1)\" data-border-color-hover=\"#dd9933\" data-translatey=\"-10\">\r\n\t\t\t<div class=\"prelude-icon-box clearfix icon-top align-left  link-hover-accent simple\" style=\"\" ><div class=\"wrap-inner\" style=\"position: relative;\"><div class=\"prelude-icon icon-1408357537 icon-font accent custom\"  data-background=\"\">\r\n\t\t\t<span class=\"icon\" style=\"font-size:50px;width:60px;height:60px;border-style:solid;line-height:60px;\"><i class=\"preico-hiring-1\"><\/i><\/span>\r\n\t\t<\/div> <div class=\"content-wrap\"><h3 class=\"heading \" style=\"color:#2d1705;font-size:22px;margin-top:15px;margin-bottom:16px;\">\r\n\t\t\t<span>Planlama<\/span>\r\n\t\t<\/h3><div class=\"desc\" style=\"font-size:13px;line-height:26px;margin-bottom:25px;\"><p><span style=\"color: #2d1705;\">Projenizin her a\u015famas\u0131n\u0131 dikkatle planlayarak, zaman\u0131nda ve b\u00fct\u00e7enize uygun sonu\u00e7lar elde etmenizi sa\u011fl\u0131yoruz. Detayl\u0131 planlama s\u00fcrecimizle, ambalaj ihtiya\u00e7lar\u0131n\u0131z\u0131 en verimli \u015fekilde kar\u015f\u0131l\u0131yoruz.<\/span><\/p>\n<\/div><\/div><\/div><\/div>\r\n\t\t<\/div>\r\n\t<\/div>\r\n\t<div class=\"prelude-spacer clearfix\" data-desktop=\"30\" data-mobi=\"30\" data-smobi=\"30\"><\/div><div class=\"prelude-content-box clearfix  wow fadeInUp\" data-padding=\"50px 36px 37px\" data-mobipadding=\"50px 36px 37px\" data-margin=\"\" data-mobimargin=\"\"  data-wow-duration=\"0.75s\" data-wow-delay=\"0.6s\">\r\n\t\t<div class=\"inner ctb-563747927\" style=\"\"  data-background=\"#ffffff\" data-rounded=\"20px\" data-border-color=\"#ffffff\" data-border-width=\"0px 0px 5px 0px\" data-shadow=\" 0px 5px 90px 0px rgba(110,123,131,0.1)\" data-border-color-hover=\"#dd9933\" data-translatey=\"-10\">\r\n\t\t\t<div class=\"prelude-icon-box clearfix icon-top align-left  link-hover-accent simple\" style=\"\" ><div class=\"wrap-inner\" style=\"position: relative;\"><div class=\"prelude-icon icon-2101345375 icon-font accent custom\"  data-background=\"\">\r\n\t\t\t<span class=\"icon\" style=\"font-size:50px;width:60px;height:60px;border-style:solid;line-height:60px;\"><i class=\"preico-career\"><\/i><\/span>\r\n\t\t<\/div> <div class=\"content-wrap\"><h3 class=\"heading \" style=\"color:#2d1705;font-size:22px;margin-top:15px;margin-bottom:16px;\">\r\n\t\t\t<span>Sat\u0131\u015f Sonras\u0131<\/span>\r\n\t\t<\/h3><div class=\"desc\" style=\"color:#2d1705;font-size:15px;line-height:26px;margin-bottom:25px;\"><p><span style=\"color: #2d1705;\">M\u00fc\u015fteri memnuniyetini \u00f6n planda tutarak, sat\u0131\u015f sonras\u0131 deste\u011fimizle her t\u00fcrl\u00fc sorunuza ve ihtiyac\u0131n\u0131za \u00e7\u00f6z\u00fcm sunuyoruz. Profesyonel ekibimiz, size kesintisiz destek sa\u011flayarak, ambalajlar\u0131n\u0131zla ilgili her konuda yan\u0131n\u0131zda olur.<\/span><\/p>\n<\/div><\/div><\/div><\/div>\r\n\t\t<\/div>\r\n\t<\/div>[\/vc_column_inner][\/vc_row_inner][\/vc_column][\/vc_row][vc_row full_width=&#8221;stretch_row&#8221; css=&#8221;.vc_custom_1726279610795{background-image: url(https:\/\/olkar.com.tr\/wp-content\/uploads\/2020\/01\/section-bg1-1.jpg?id=12837) !important;background-position: center !important;background-repeat: no-repeat !important;background-size: cover !important;}&#8221;][vc_column]\r\n\t<div class=\"prelude-spacer clearfix\" data-desktop=\"100\" data-mobi=\"60\" data-smobi=\"60\"><\/div>[vc_row_inner][vc_column_inner width=&#8221;1\/2&#8243;]<div class=\"prelude-headings clearfix \" data-font=42 data-mfont=40 style=\"\"><h2 class=\"heading clearfix \" style=\"font-weight:600;color:#fefefe;font-size:42px;\">\r\n\t\tAmbalaj Temini ve Servisi i\u00e7in ba\u015ftan sona ihtiyac\u0131n\u0131z olan her ad\u0131mda sizinleyiz.\r\n\t<\/h2><\/div>[\/vc_column_inner][vc_column_inner width=&#8221;1\/2&#8243;]\r\n\t<div class=\"prelude-spacer clearfix\" data-desktop=\"44\" data-mobi=\"30\" data-smobi=\"30\"><\/div>[\/vc_column_inner][\/vc_row_inner]\r\n\t<div class=\"prelude-spacer clearfix\" data-desktop=\"86\" data-mobi=\"50\" data-smobi=\"50\"><\/div>[vc_row_inner][vc_column_inner width=&#8221;1\/2&#8243;]<div class=\"prelude-content-box clearfix \" data-padding=\"0px 0px 0px 35px\" data-mobipadding=\"0px 0px 0px 0px\" data-margin=\"\" data-mobimargin=\"\" >\r\n\t\t<div class=\"inner ctb-1971043364\" style=\"\"  data-background=\"\">\r\n\t\t\t<div class=\"prelude-headings clearfix \" data-font=22 style=\"\"><h2 class=\"heading clearfix \" style=\"font-weight:600;color:#ffffff;margin-bottom:17px;font-size:22px;\">\r\n\t\tDan\u0131\u015fmanl\u0131k Hizmetleri\r\n\t<\/h2><p class=\"sub-heading clearfix\" style=\"font-style:normal;color:#fefefe;\">\r\n\t\t\u00dcr\u00fcnlerinize uygun hammadde, \u00f6l\u00e7\u00fc ve say\u0131da koli ihitiya\u00e7lar\u0131n\u0131z\u0131 birlikte planl\u0131yoruz.\r\n\t<\/p><\/div>\r\n\t\t<\/div>\r\n\t<\/div>\r\n\t<div class=\"prelude-spacer clearfix\" data-desktop=\"40\" data-mobi=\"30\" data-smobi=\"30\"><\/div><div class=\"prelude-content-box clearfix \" data-padding=\"0px 0px 0px 35px\" data-mobipadding=\"0px 0px 0px 0px\" data-margin=\"\" data-mobimargin=\"\" >\r\n\t\t<div class=\"inner ctb-63764894\" style=\"\"  data-background=\"\">\r\n\t\t\t<div class=\"prelude-headings clearfix \" data-font=22 style=\"\"><h2 class=\"heading clearfix \" style=\"font-weight:600;color:#ffffff;margin-bottom:17px;font-size:22px;\">\r\n\t\tTasar\u0131m ve Planlama\r\n\t<\/h2><p class=\"sub-heading clearfix\" style=\"font-style:normal;color:#fefefe;\">\r\n\t\tKi\u015fiselle\u015ftirilmi\u015f koli tasar\u0131mlar\u0131 ile markan\u0131zda fark yaratman\u0131z i\u00e7in grafikerlerimiz sizlerin hizmetinde.\r\n\t<\/p><\/div>\r\n\t\t<\/div>\r\n\t<\/div>\r\n\t<div class=\"prelude-spacer clearfix\" data-desktop=\"0\" data-mobi=\"30\" data-smobi=\"30\"><\/div>[\/vc_column_inner][vc_column_inner width=&#8221;1\/2&#8243;]<div class=\"prelude-content-box clearfix \" data-padding=\"0px 0px 0px 35px\" data-mobipadding=\"0px 0px 0px 0px\" data-margin=\"\" data-mobimargin=\"\" >\r\n\t\t<div class=\"inner ctb-998833459\" style=\"\"  data-background=\"\">\r\n\t\t\t<div class=\"prelude-headings clearfix \" data-font=22 style=\"\"><h2 class=\"heading clearfix \" style=\"font-weight:600;color:#ffffff;margin-bottom:17px;font-size:22px;\">\r\n\t\t\u00dcretim\r\n\t<\/h2><p class=\"sub-heading clearfix\" style=\"font-style:normal;color:#fefefe;\">\r\n\t\t\u00c7evre dostu, s\u00fcrd\u00fcr\u00fclebilir \u00fcretim anlay\u0131\u015f\u0131m\u0131zla s\u0131f\u0131r at\u0131k projelerini destekliyoruz. H\u0131zl\u0131, g\u00fcvenilir ve kaliteli koliler \u00fcretiyoruz.\r\n\t<\/p><\/div>\r\n\t\t<\/div>\r\n\t<\/div>\r\n\t<div class=\"prelude-spacer clearfix\" data-desktop=\"40\" data-mobi=\"30\" data-smobi=\"30\"><\/div><div class=\"prelude-content-box clearfix \" data-padding=\"0px 0px 0px 35px\" data-mobipadding=\"0px 0px 0px 0px\" data-margin=\"\" data-mobimargin=\"\" >\r\n\t\t<div class=\"inner ctb-713159778\" style=\"\"  data-background=\"\">\r\n\t\t\t<div class=\"prelude-headings clearfix \" data-font=22 style=\"\"><h2 class=\"heading clearfix \" style=\"font-weight:600;color:#ffffff;margin-bottom:17px;font-size:22px;\">\r\n\t\tLojistik\r\n\t<\/h2><p class=\"sub-heading clearfix\" style=\"font-style:normal;color:#fefefe;\">\r\n\t\t\u00dcr\u00fcnlerinizi tercihinize g\u00f6re istedi\u011finiz adrese teslim ediyoruz.\r\n\t<\/p><\/div>\r\n\t\t<\/div>\r\n\t<\/div>[\/vc_column_inner][\/vc_row_inner]\r\n\t<div class=\"prelude-spacer clearfix\" data-desktop=\"252\" data-mobi=\"232\" data-smobi=\"232\"><\/div>[\/vc_column][\/vc_row]<\/p>\n<\/div>","protected":false},"excerpt":{"rendered":"<p>[vc_row full_width=&#8221;stretch_row&#8221;][vc_column][vc_column_text css=&#8221;&#8221;] M\u00fc\u015fterilerimize \u00f6zel planlama ve \u00fcretim yap\u0131yoruz. [\/vc_column_text][vc_row_inner][vc_column_inner width=&#8221;1\/2&#8243;][\/vc_column_inner][vc_column_inner width=&#8221;1\/2&#8243;][\/vc_column_inner][\/vc_row_inner][vc_row_inner][vc_column_inner width=&#8221;1\/3&#8243;][\/vc_column_inner][vc_column_inner width=&#8221;1\/3&#8243;][\/vc_column_inner][vc_column_inner width=&#8221;1\/3&#8243;][\/vc_column_inner][\/vc_row_inner][\/vc_column][\/vc_row][vc_row full_width=&#8221;stretch_row&#8221; css=&#8221;.vc_custom_1726279610795{background-image: url(https:\/\/olkar.com.tr\/wp-content\/uploads\/2020\/01\/section-bg1-1.jpg?id=12837) !important;background-position: center !important;background-repeat: no-repeat !important;background-size: cover !important;}&#8221;][vc_column][vc_row_inner][vc_column_inner width=&#8221;1\/2&#8243;][\/vc_column_inner][vc_column_inner width=&#8221;1\/2&#8243;][\/vc_column_inner][\/vc_row_inner][vc_row_inner][vc_column_inner width=&#8221;1\/2&#8243;][\/vc_column_inner][vc_column_inner width=&#8221;1\/2&#8243;][\/vc_column_inner][\/vc_row_inner][\/vc_column][\/vc_row]<\/p>\n","protected":false},"author":1,"featured_media":0,"parent":0,"menu_order":0,"comment_status":"closed","ping_status":"closed","template":"","meta":{"footnotes":""},"class_list":["post-1326","page","type-page","status-publish","hentry"],"jetpack_sharing_enabled":true,"_links":{"self":[{"href":"https:\/\/olkar.com.tr\/index.php\/wp-json\/wp\/v2\/pages\/1326","targetHints":{"allow":["GET"]}}],"collection":[{"href":"https:\/\/olkar.com.tr\/index.php\/wp-json\/wp\/v2\/pages"}],"about":[{"href":"https:\/\/olkar.com.tr\/index.php\/wp-json\/wp\/v2\/types\/page"}],"author":[{"embeddable":true,"href":"https:\/\/olkar.com.tr\/index.php\/wp-json\/wp\/v2\/users\/1"}],"replies":[{"embeddable":true,"href":"https:\/\/olkar.com.tr\/index.php\/wp-json\/wp\/v2\/comments?post=1326"}],"version-history":[{"count":33,"href":"https:\/\/olkar.com.tr\/index.php\/wp-json\/wp\/v2\/pages\/1326\/revisions"}],"predecessor-version":[{"id":13877,"href":"https:\/\/olkar.com.tr\/index.php\/wp-json\/wp\/v2\/pages\/1326\/revisions\/13877"}],"wp:attachment":[{"href":"https:\/\/olkar.com.tr\/index.php\/wp-json\/wp\/v2\/media?parent=1326"}],"curies":[{"name":"wp","href":"https:\/\/api.w.org\/{rel}","templated":true}]}}