{"id":1316,"date":"2017-10-16T04:10:26","date_gmt":"2017-10-16T04:10:26","guid":{"rendered":"http:\/\/ninzio.com\/prelude\/?page_id=1316"},"modified":"2024-09-20T13:09:43","modified_gmt":"2024-09-20T10:09:43","slug":"vision","status":"publish","type":"page","link":"https:\/\/olkar.com.tr\/index.php\/vision\/","title":{"rendered":"Misyon &#038;  Vizyon"},"content":{"rendered":"<div class=\"wpb-content-wrapper\"><p>[vc_row][vc_column]\r\n\t<div class=\"prelude-spacer clearfix\" data-desktop=\"80\" data-mobi=\"50\" data-smobi=\"50\"><\/div>[vc_column_text css=&#8221;&#8221;]<\/p>\n<h2 style=\"max-width: 700px; font-weight: 600; margin-bottom: 0;\"><strong>Misyonumuz<\/strong><\/h2>\n<p>[\/vc_column_text]\r\n\t<div class=\"prelude-spacer clearfix\" data-desktop=\"80\" data-mobi=\"50\" data-smobi=\"50\"><\/div>[vc_row_inner][vc_column_inner width=&#8221;1\/2&#8243;][vc_column_text css=&#8221;&#8221;]Kaliteli, g\u00fcvenilir ve zaman\u0131nda teslimat ilkesiyle, m\u00fc\u015fterilerimizin beklentilerini a\u015fan ambalaj \u00e7\u00f6z\u00fcmleri sunmak. \u00c7evre dostu \u00fcretim anlay\u0131\u015f\u0131m\u0131zla, s\u00fcrd\u00fcr\u00fclebilirli\u011fi \u00f6n planda tutarak sekt\u00f6r\u00fcm\u00fczde yenilik\u00e7i ve g\u00fcvenilir bir i\u015f orta\u011f\u0131 olmak. Teknolojik geli\u015fmeleri yak\u0131ndan takip ederek i\u015f s\u00fcre\u00e7lerimizi s\u00fcrekli iyile\u015ftirmek ve m\u00fc\u015fteri memnuniyetini en \u00fcst seviyede tutmak i\u00e7in t\u00fcm g\u00fcc\u00fcm\u00fczle \u00e7al\u0131\u015f\u0131yoruz.[\/vc_column_text]\r\n\t<div class=\"prelude-spacer clearfix\" data-desktop=\"80\" data-mobi=\"50\" data-smobi=\"50\"><\/div>[\/vc_column_inner][vc_column_inner width=&#8221;1\/2&#8243;]\r\n\t<div class=\"prelude-parallax-box\"><div class=\"parallax-wrap\"><div class=\"prelude-parallax-item has-width\" style=\"left:41%;margin-top:15%;width:59%;border-radius:7px;box-shadow: 0px 10px 90px 0px rgba(110,123,131,0.2);\" data-parallax='{\"y\" : -40, \"smoothness\" : 40}' data-top=\"15%\"><img decoding=\"async\" class=\"parallax-image\" src=\"https:\/\/olkar.com.tr\/wp-content\/uploads\/2024\/09\/Marka-paketi-Stok-gorsel-4-1.png\" alt=\"image\"><\/div><div class=\"prelude-parallax-item has-width\" style=\"left:4%;margin-top:2%;width:65%;border-radius:7px;box-shadow: 0px 10px 90px 0px rgba(110,123,131,0.2);\" data-parallax='{\"y\" : -80, \"smoothness\" : 20}' data-top=\"2%\"><img decoding=\"async\" class=\"parallax-image\" src=\"https:\/\/olkar.com.tr\/wp-content\/uploads\/2024\/09\/iStock-1314461159-scaled.jpg\" alt=\"image\"><\/div><\/div><\/div>[\/vc_column_inner][\/vc_row_inner][vc_column_text css=&#8221;&#8221;]<\/p>\n<h2 style=\"max-width: 700px; font-weight: 600; margin-bottom: 0;\"><strong>Vizyonumuz<\/strong><\/h2>\n<p>[\/vc_column_text]\r\n\t<div class=\"prelude-spacer clearfix\" data-desktop=\"80\" data-mobi=\"50\" data-smobi=\"50\"><\/div>[vc_row_inner][vc_column_inner width=&#8221;1\/2&#8243;][vc_column_text css=&#8221;&#8221;]Ambalaj sekt\u00f6r\u00fcnde, \u00e7evreye duyarl\u0131 \u00fcretim ve y\u00fcksek kalite standartlar\u0131m\u0131zla lider bir marka olmak. Hem yerel hem de global pazarda g\u00fcvenilir ve yenilik\u00e7i \u00e7\u00f6z\u00fcmler sunarak, s\u00fcrd\u00fcr\u00fclebilirli\u011fi ve m\u00fc\u015fteri memnuniyetini en \u00fcst d\u00fczeye ta\u015f\u0131may\u0131 hedefliyoruz. Sekt\u00f6rdeki 22 y\u0131ll\u0131k deneyimimizi, ileri teknoloji ve \u00e7evre bilinciyle birle\u015ftirerek gelece\u011fin ambalaj \u00e7\u00f6z\u00fcmlerini \u00fcretmek.[\/vc_column_text]\r\n\t<div class=\"prelude-spacer clearfix\" data-desktop=\"80\" data-mobi=\"50\" data-smobi=\"50\"><\/div>[\/vc_column_inner][vc_column_inner width=&#8221;1\/2&#8243;]\r\n\t<div class=\"prelude-parallax-box\"><div class=\"parallax-wrap\"><div class=\"prelude-parallax-item has-width\" style=\"left:41%;margin-top:15%;width:59%;border-radius:7px;box-shadow: 0px 10px 90px 0px rgba(110,123,131,0.2);\" data-parallax='{\"y\" : -40, \"smoothness\" : 40}' data-top=\"15%\"><img decoding=\"async\" class=\"parallax-image\" src=\"https:\/\/olkar.com.tr\/wp-content\/uploads\/2024\/09\/Marka-paketi-Stok-gorsel-3-1.png\" alt=\"image\"><\/div><div class=\"prelude-parallax-item has-width\" style=\"left:4%;margin-top:2%;width:65%;border-radius:7px;box-shadow: 0px 10px 90px 0px rgba(110,123,131,0.2);\" data-parallax='{\"y\" : -80, \"smoothness\" : 20}' data-top=\"2%\"><img decoding=\"async\" class=\"parallax-image\" src=\"https:\/\/olkar.com.tr\/wp-content\/uploads\/2024\/09\/Cardboard-box-for-sending-various-products-computer-generated-1280-x-520-piksel.png\" alt=\"image\"><\/div><\/div><\/div>[\/vc_column_inner][\/vc_row_inner][\/vc_column][\/vc_row]<\/p>\n<\/div>","protected":false},"excerpt":{"rendered":"<p>[vc_row][vc_column][vc_column_text css=&#8221;&#8221;] Misyonumuz [\/vc_column_text][vc_row_inner][vc_column_inner width=&#8221;1\/2&#8243;][vc_column_text css=&#8221;&#8221;]Kaliteli, g\u00fcvenilir ve zaman\u0131nda teslimat ilkesiyle, m\u00fc\u015fterilerimizin beklentilerini a\u015fan ambalaj \u00e7\u00f6z\u00fcmleri sunmak. \u00c7evre dostu \u00fcretim anlay\u0131\u015f\u0131m\u0131zla, s\u00fcrd\u00fcr\u00fclebilirli\u011fi \u00f6n planda tutarak sekt\u00f6r\u00fcm\u00fczde yenilik\u00e7i ve g\u00fcvenilir bir i\u015f orta\u011f\u0131 olmak. Teknolojik geli\u015fmeleri yak\u0131ndan takip ederek i\u015f s\u00fcre\u00e7lerimizi s\u00fcrekli iyile\u015ftirmek ve m\u00fc\u015fteri memnuniyetini en \u00fcst seviyede tutmak i\u00e7in<\/p>\n","protected":false},"author":1,"featured_media":0,"parent":0,"menu_order":0,"comment_status":"closed","ping_status":"closed","template":"","meta":{"footnotes":""},"class_list":["post-1316","page","type-page","status-publish","hentry"],"jetpack_sharing_enabled":true,"_links":{"self":[{"href":"https:\/\/olkar.com.tr\/index.php\/wp-json\/wp\/v2\/pages\/1316","targetHints":{"allow":["GET"]}}],"collection":[{"href":"https:\/\/olkar.com.tr\/index.php\/wp-json\/wp\/v2\/pages"}],"about":[{"href":"https:\/\/olkar.com.tr\/index.php\/wp-json\/wp\/v2\/types\/page"}],"author":[{"embeddable":true,"href":"https:\/\/olkar.com.tr\/index.php\/wp-json\/wp\/v2\/users\/1"}],"replies":[{"embeddable":true,"href":"https:\/\/olkar.com.tr\/index.php\/wp-json\/wp\/v2\/comments?post=1316"}],"version-history":[{"count":7,"href":"https:\/\/olkar.com.tr\/index.php\/wp-json\/wp\/v2\/pages\/1316\/revisions"}],"predecessor-version":[{"id":13887,"href":"https:\/\/olkar.com.tr\/index.php\/wp-json\/wp\/v2\/pages\/1316\/revisions\/13887"}],"wp:attachment":[{"href":"https:\/\/olkar.com.tr\/index.php\/wp-json\/wp\/v2\/media?parent=1316"}],"curies":[{"name":"wp","href":"https:\/\/api.w.org\/{rel}","templated":true}]}}